{"id":11593,"date":"2025-12-01T22:46:29","date_gmt":"2025-12-01T21:46:29","guid":{"rendered":"https:\/\/les-felins.fr\/?page_id=11593"},"modified":"2025-12-03T12:16:07","modified_gmt":"2025-12-03T11:16:07","slug":"mentions-legales","status":"publish","type":"page","link":"https:\/\/les-felins.fr\/index.php\/mentions-legales\/","title":{"rendered":"Mentions l\u00e9gales"},"content":{"rendered":"\t\t<div data-elementor-type=\"wp-page\" data-elementor-id=\"11593\" class=\"elementor elementor-11593\">\n\t\t\t\t<div class=\"elementor-element elementor-element-f9e1d7b e-con-full e-flex e-con e-parent\" data-id=\"f9e1d7b\" data-element_type=\"container\">\n\t\t\t\t<div class=\"elementor-element elementor-element-902104e elementor-widget elementor-widget-heading\" data-id=\"902104e\" data-element_type=\"widget\" data-widget_type=\"heading.default\">\n\t\t\t\t<div class=\"elementor-widget-container\">\n\t\t\t<h2 class=\"elementor-heading-title elementor-size-default\">Mentions l\u00e9gales<\/h2>\t\t<\/div>\n\t\t\t\t<\/div>\n\t\t\t\t<\/div>\n\t\t<div class=\"elementor-element elementor-element-5622b87 e-con-full e-flex e-con e-parent\" data-id=\"5622b87\" data-element_type=\"container\">\n\t\t\t\t<\/div>\n\t\t<div class=\"elementor-element elementor-element-0762095 e-flex e-con-boxed e-con e-parent\" data-id=\"0762095\" data-element_type=\"container\">\n\t\t\t\t\t<div class=\"e-con-inner\">\n\t\t<div class=\"elementor-element elementor-element-6d81245 e-con-full e-flex e-con e-child\" data-id=\"6d81245\" data-element_type=\"container\">\n\t\t\t\t<div class=\"elementor-element elementor-element-1fd6d02 elementor-widget elementor-widget-text-editor\" data-id=\"1fd6d02\" data-element_type=\"widget\" data-widget_type=\"text-editor.default\">\n\t\t\t\t<div class=\"elementor-widget-container\">\n\t\t\t\t\t\t\t<p><span style=\"text-decoration: underline;\"><strong>1. Pr\u00e9sentation du site<\/strong><\/span><\/p>\n<p>Le pr\u00e9sent site internet est \u00e9dit\u00e9 par :<\/p>\n<p>Les F\u00e9lins,<br>Brasserie artisanale immatricul\u00e9e au RCS d&#8217;Orl\u00e9ans sous le num\u00e9ro 893476119 00027,<br>Dont le si\u00e8ge social est situ\u00e9 au : 17, rue de l&#8217;abattoir &#8211; 45190 &#8211; Beaugency<br>Adresse e-mail : contact@les-felins.fr<br>T\u00e9l\u00e9phone : 06 99 80 17 78<\/p>\n<p><span style=\"text-decoration: underline;\"><strong>2. H\u00e9bergement<\/strong><\/span><\/p>\n<p>Le site est h\u00e9berg\u00e9 par :<br>OVH<br>Adresse : 2 rue Kellermann, 59100 ROUBAIX<br>RCS Roubaix \u2013 Tourcoing 424 761 419 00045<\/p>\n<p><span style=\"text-decoration: underline;\"><b>3. Propri\u00e9t\u00e9 intellectuelle<\/b><\/span><\/p>\n<p>L\u2019ensemble du contenu du site (textes, images, graphismes, logos, vid\u00e9os, ic\u00f4nes, sons, logiciels, etc.) est la propri\u00e9t\u00e9 exclusive de Les F\u00e9lins, sauf mention contraire.<br>Toute reproduction, repr\u00e9sentation, modification, publication, adaptation totale ou partielle des \u00e9l\u00e9ments du site, quel que soit le moyen ou le proc\u00e9d\u00e9 utilis\u00e9, est interdite sans autorisation \u00e9crite pr\u00e9alable.<\/p>\n<p><span style=\"text-decoration: underline;\"><strong>4. Responsabilit\u00e9<\/strong><\/span><\/p>\n<p>Les F\u00e9lins s\u2019efforce d\u2019assurer l\u2019exactitude et la mise \u00e0 jour des informations diffus\u00e9es sur le site. Toutefois, l\u2019entreprise ne saurait \u00eatre tenue responsable des erreurs, omissions ou d\u2019une indisponibilit\u00e9 du service.<br>L\u2019utilisateur reconna\u00eet utiliser ces informations sous sa responsabilit\u00e9 exclusive.<\/p>\n<p><span style=\"text-decoration: underline;\"><strong>5. Protection des donn\u00e9es personnelles<\/strong><\/span><\/p>\n<p>Conform\u00e9ment au R\u00e8glement G\u00e9n\u00e9ral sur la Protection des Donn\u00e9es (RGPD) et \u00e0 la loi \u00ab Informatique et Libert\u00e9s \u00bb du 6 janvier 1978 modifi\u00e9e, vous disposez d\u2019un droit d\u2019acc\u00e8s, de rectification, de suppression et d\u2019opposition concernant vos donn\u00e9es personnelles.<br>Ces droits peuvent \u00eatre exerc\u00e9s en \u00e9crivant \u00e0 :<br>contact@les-felins.fr<\/p>\n<p><span style=\"text-decoration: underline;\"><strong>6. Droit applicable<\/strong><\/span><\/p>\n<p>Le site est soumis au droit fran\u00e7ais<br>En cas de litige, les tribunaux comp\u00e9tents seront ceux du ressort du si\u00e8ge social.<\/p>\t\t\t\t\t\t<\/div>\n\t\t\t\t<\/div>\n\t\t\t\t<\/div>\n\t\t\t\t\t<\/div>\n\t\t\t\t<\/div>\n\t\t\t\t<\/div>\n\t\t","protected":false},"excerpt":{"rendered":"<p>Mentions l\u00e9gales 1. Pr\u00e9sentation du site Le pr\u00e9sent site internet est \u00e9dit\u00e9 par : Les F\u00e9lins,Brasserie artisanale immatricul\u00e9e au RCS d&#8217;Orl\u00e9ans sous le num\u00e9ro 893476119 00027,Dont le si\u00e8ge social est situ\u00e9 au : 17, rue de l&#8217;abattoir &#8211; 45190 &#8211; BeaugencyAdresse e-mail : contact@les-felins.frT\u00e9l\u00e9phone : 06 99 80 17 78 2. H\u00e9bergement Le site est [&hellip;]<\/p>\n","protected":false},"author":1,"featured_media":0,"parent":0,"menu_order":0,"comment_status":"closed","ping_status":"closed","template":"","meta":{"footnotes":""},"class_list":["post-11593","page","type-page","status-publish","hentry"],"_links":{"self":[{"href":"https:\/\/les-felins.fr\/index.php\/wp-json\/wp\/v2\/pages\/11593","targetHints":{"allow":["GET"]}}],"collection":[{"href":"https:\/\/les-felins.fr\/index.php\/wp-json\/wp\/v2\/pages"}],"about":[{"href":"https:\/\/les-felins.fr\/index.php\/wp-json\/wp\/v2\/types\/page"}],"author":[{"embeddable":true,"href":"https:\/\/les-felins.fr\/index.php\/wp-json\/wp\/v2\/users\/1"}],"replies":[{"embeddable":true,"href":"https:\/\/les-felins.fr\/index.php\/wp-json\/wp\/v2\/comments?post=11593"}],"version-history":[{"count":13,"href":"https:\/\/les-felins.fr\/index.php\/wp-json\/wp\/v2\/pages\/11593\/revisions"}],"predecessor-version":[{"id":11617,"href":"https:\/\/les-felins.fr\/index.php\/wp-json\/wp\/v2\/pages\/11593\/revisions\/11617"}],"wp:attachment":[{"href":"https:\/\/les-felins.fr\/index.php\/wp-json\/wp\/v2\/media?parent=11593"}],"curies":[{"name":"wp","href":"https:\/\/api.w.org\/{rel}","templated":true}]}}